{"id":674,"date":"2018-03-12T11:13:05","date_gmt":"2018-03-12T15:13:05","guid":{"rendered":"https:\/\/angelman.ca\/?page_id=674"},"modified":"2018-03-12T11:15:48","modified_gmt":"2018-03-12T15:15:48","slug":"super-party-cavallaro-2018","status":"publish","type":"page","link":"https:\/\/angelman.ca\/fr\/super-party-cavallaro-2018\/","title":{"rendered":"Super party Cavallaro 2018! FR"},"content":{"rendered":"<p>[et_pb_section bb_built=\u00a0\u00bb1&Prime;][et_pb_row][et_pb_column type=\u00a0\u00bb1_2&Prime;][et_pb_text _builder_version=\u00a0\u00bb3.0.100&Prime; background_layout=\u00a0\u00bblight\u00a0\u00bb]<\/p>\n<h1>Super party Cavallaro 2018!<\/h1>\n<p>La Fondation Angelman tiendra son Super Party samedi le 21 avril prochain, \u00e0 Laval, avec l\u2019aimable b\u00e9n\u00e9facteur MC M. Frank Cavallaro. Il s\u2019agit d\u2019une soir\u00e9e Gala gastronomique et de plaisir sur la piste de danse! Bar ouvert. Cette lev\u00e9e de fonds nous permet d\u2019op\u00e9rer notre centre de r\u00e9pit \u00e0 un co\u00fbt abordable pour les familles, c\u2019est pourquoi nous vous invitons \u00e0 venir f\u00eater, partager et supporter cet \u00e9v\u00e9nement.<\/p>\n<p><a href=\"https:\/\/angelman.ca\/fr\/nous-joindre\/\" target=\"_blank\" rel=\"noopener\">Des options de parrainage corporatif sont disponibles, contactez-nous<\/a>.<\/p>\n<p>[\/et_pb_text][\/et_pb_column][et_pb_column type=\u00a0\u00bb1_4&Prime;][et_pb_image _builder_version=\u00a0\u00bb3.0.100&Prime; src=\u00a0\u00bbhttps:\/\/angelman.ca\/wp-content\/uploads\/2018\/03\/party_2018_18e_1.png\u00a0\u00bb show_in_lightbox=\u00a0\u00bbon\u00a0\u00bb url_new_window=\u00a0\u00bboff\u00a0\u00bb use_overlay=\u00a0\u00bboff\u00a0\u00bb always_center_on_mobile=\u00a0\u00bbon\u00a0\u00bb force_fullwidth=\u00a0\u00bboff\u00a0\u00bb show_bottom_space=\u00a0\u00bbon\u00a0\u00bb \/][\/et_pb_column][et_pb_column type=\u00a0\u00bb1_4&Prime;][et_pb_image _builder_version=\u00a0\u00bb3.0.100&Prime; src=\u00a0\u00bbhttps:\/\/angelman.ca\/wp-content\/uploads\/2018\/03\/party_2018_18e_2.png\u00a0\u00bb show_in_lightbox=\u00a0\u00bbon\u00a0\u00bb url_new_window=\u00a0\u00bboff\u00a0\u00bb use_overlay=\u00a0\u00bboff\u00a0\u00bb always_center_on_mobile=\u00a0\u00bbon\u00a0\u00bb force_fullwidth=\u00a0\u00bboff\u00a0\u00bb show_bottom_space=\u00a0\u00bbon\u00a0\u00bb \/][\/et_pb_column][\/et_pb_row][\/et_pb_section]<\/p>\n","protected":false},"excerpt":{"rendered":"<p><div class=\"et_pb_row et_pb_row_0 et_pb_row_empty\">\n\t\t\t\t\n\t\t\t\t\n\t\t\t\t\n\t\t\t\t\n\t\t\t\t\n\t\t\t<\/div> Super party Cavallaro 2018! La Fondation Angelman tiendra son Super Party samedi le 21 avril prochain, \u00e0 Laval, avec l\u2019aimable b\u00e9n\u00e9facteur MC M. Frank Cavallaro. Il s\u2019agit d\u2019une soir\u00e9e Gala gastronomique et de plaisir sur la piste de danse! Bar ouvert. Cette lev\u00e9e de fonds nous permet d\u2019op\u00e9rer notre centre de r\u00e9pit \u00e0 un [&hellip;]<\/p>\n","protected":false},"author":1,"featured_media":0,"parent":0,"menu_order":0,"comment_status":"closed","ping_status":"closed","template":"","meta":{"_et_pb_use_builder":"on","_et_pb_old_content":"","_et_gb_content_width":"","footnotes":""},"class_list":["post-674","page","type-page","status-publish","hentry"],"yoast_head":"<!-- This site is optimized with the Yoast SEO plugin v27.3 - https:\/\/yoast.com\/product\/yoast-seo-wordpress\/ -->\n<title>Super party Cavallaro 2018! FR - Angelman<\/title>\n<meta name=\"robots\" content=\"index, follow, max-snippet:-1, max-image-preview:large, max-video-preview:-1\" \/>\n<link rel=\"canonical\" href=\"https:\/\/angelman.ca\/fr\/super-party-cavallaro-2018\/\" \/>\n<meta property=\"og:locale\" content=\"fr_FR\" \/>\n<meta property=\"og:type\" content=\"article\" \/>\n<meta property=\"og:title\" content=\"Super party Cavallaro 2018! FR - Angelman\" \/>\n<meta property=\"og:description\" content=\"Super party Cavallaro 2018! La Fondation Angelman tiendra son Super Party samedi le 21 avril prochain, \u00e0 Laval, avec l\u2019aimable b\u00e9n\u00e9facteur MC M. Frank Cavallaro. Il s\u2019agit d\u2019une soir\u00e9e Gala gastronomique et de plaisir sur la piste de danse! Bar ouvert. Cette lev\u00e9e de fonds nous permet d\u2019op\u00e9rer notre centre de r\u00e9pit \u00e0 un [&hellip;]\" \/>\n<meta property=\"og:url\" content=\"https:\/\/angelman.ca\/fr\/super-party-cavallaro-2018\/\" \/>\n<meta property=\"og:site_name\" content=\"Angelman\" \/>\n<meta property=\"article:modified_time\" content=\"2018-03-12T15:15:48+00:00\" \/>\n<meta name=\"twitter:card\" content=\"summary_large_image\" \/>\n<meta name=\"twitter:label1\" content=\"Dur\u00e9e de lecture estim\u00e9e\" \/>\n\t<meta name=\"twitter:data1\" content=\"1 minute\" \/>\n<script type=\"application\/ld+json\" class=\"yoast-schema-graph\">{\"@context\":\"https:\\\/\\\/schema.org\",\"@graph\":[{\"@type\":\"WebPage\",\"@id\":\"https:\\\/\\\/angelman.ca\\\/fr\\\/super-party-cavallaro-2018\\\/\",\"url\":\"https:\\\/\\\/angelman.ca\\\/fr\\\/super-party-cavallaro-2018\\\/\",\"name\":\"Super party Cavallaro 2018! FR - Angelman\",\"isPartOf\":{\"@id\":\"https:\\\/\\\/angelman.ca\\\/#website\"},\"datePublished\":\"2018-03-12T15:13:05+00:00\",\"dateModified\":\"2018-03-12T15:15:48+00:00\",\"breadcrumb\":{\"@id\":\"https:\\\/\\\/angelman.ca\\\/fr\\\/super-party-cavallaro-2018\\\/#breadcrumb\"},\"inLanguage\":\"fr-FR\",\"potentialAction\":[{\"@type\":\"ReadAction\",\"target\":[\"https:\\\/\\\/angelman.ca\\\/fr\\\/super-party-cavallaro-2018\\\/\"]}]},{\"@type\":\"BreadcrumbList\",\"@id\":\"https:\\\/\\\/angelman.ca\\\/fr\\\/super-party-cavallaro-2018\\\/#breadcrumb\",\"itemListElement\":[{\"@type\":\"ListItem\",\"position\":1,\"name\":\"Accueil\",\"item\":\"https:\\\/\\\/angelman.ca\\\/fr\\\/\"},{\"@type\":\"ListItem\",\"position\":2,\"name\":\"Super party Cavallaro 2018! FR\"}]},{\"@type\":\"WebSite\",\"@id\":\"https:\\\/\\\/angelman.ca\\\/#website\",\"url\":\"https:\\\/\\\/angelman.ca\\\/\",\"name\":\"Angelman\",\"description\":\"Respite Center - Centre de r\u00e9pit\",\"potentialAction\":[{\"@type\":\"SearchAction\",\"target\":{\"@type\":\"EntryPoint\",\"urlTemplate\":\"https:\\\/\\\/angelman.ca\\\/?s={search_term_string}\"},\"query-input\":{\"@type\":\"PropertyValueSpecification\",\"valueRequired\":true,\"valueName\":\"search_term_string\"}}],\"inLanguage\":\"fr-FR\"}]}<\/script>\n<!-- \/ Yoast SEO plugin. -->","yoast_head_json":{"title":"Super party Cavallaro 2018! FR - Angelman","robots":{"index":"index","follow":"follow","max-snippet":"max-snippet:-1","max-image-preview":"max-image-preview:large","max-video-preview":"max-video-preview:-1"},"canonical":"https:\/\/angelman.ca\/fr\/super-party-cavallaro-2018\/","og_locale":"fr_FR","og_type":"article","og_title":"Super party Cavallaro 2018! FR - Angelman","og_description":"Super party Cavallaro 2018! La Fondation Angelman tiendra son Super Party samedi le 21 avril prochain, \u00e0 Laval, avec l\u2019aimable b\u00e9n\u00e9facteur MC M. Frank Cavallaro. Il s\u2019agit d\u2019une soir\u00e9e Gala gastronomique et de plaisir sur la piste de danse! Bar ouvert. Cette lev\u00e9e de fonds nous permet d\u2019op\u00e9rer notre centre de r\u00e9pit \u00e0 un [&hellip;]","og_url":"https:\/\/angelman.ca\/fr\/super-party-cavallaro-2018\/","og_site_name":"Angelman","article_modified_time":"2018-03-12T15:15:48+00:00","twitter_card":"summary_large_image","twitter_misc":{"Dur\u00e9e de lecture estim\u00e9e":"1 minute"},"schema":{"@context":"https:\/\/schema.org","@graph":[{"@type":"WebPage","@id":"https:\/\/angelman.ca\/fr\/super-party-cavallaro-2018\/","url":"https:\/\/angelman.ca\/fr\/super-party-cavallaro-2018\/","name":"Super party Cavallaro 2018! FR - Angelman","isPartOf":{"@id":"https:\/\/angelman.ca\/#website"},"datePublished":"2018-03-12T15:13:05+00:00","dateModified":"2018-03-12T15:15:48+00:00","breadcrumb":{"@id":"https:\/\/angelman.ca\/fr\/super-party-cavallaro-2018\/#breadcrumb"},"inLanguage":"fr-FR","potentialAction":[{"@type":"ReadAction","target":["https:\/\/angelman.ca\/fr\/super-party-cavallaro-2018\/"]}]},{"@type":"BreadcrumbList","@id":"https:\/\/angelman.ca\/fr\/super-party-cavallaro-2018\/#breadcrumb","itemListElement":[{"@type":"ListItem","position":1,"name":"Accueil","item":"https:\/\/angelman.ca\/fr\/"},{"@type":"ListItem","position":2,"name":"Super party Cavallaro 2018! FR"}]},{"@type":"WebSite","@id":"https:\/\/angelman.ca\/#website","url":"https:\/\/angelman.ca\/","name":"Angelman","description":"Respite Center - Centre de r\u00e9pit","potentialAction":[{"@type":"SearchAction","target":{"@type":"EntryPoint","urlTemplate":"https:\/\/angelman.ca\/?s={search_term_string}"},"query-input":{"@type":"PropertyValueSpecification","valueRequired":true,"valueName":"search_term_string"}}],"inLanguage":"fr-FR"}]}},"_links":{"self":[{"href":"https:\/\/angelman.ca\/fr\/wp-json\/wp\/v2\/pages\/674","targetHints":{"allow":["GET"]}}],"collection":[{"href":"https:\/\/angelman.ca\/fr\/wp-json\/wp\/v2\/pages"}],"about":[{"href":"https:\/\/angelman.ca\/fr\/wp-json\/wp\/v2\/types\/page"}],"author":[{"embeddable":true,"href":"https:\/\/angelman.ca\/fr\/wp-json\/wp\/v2\/users\/1"}],"replies":[{"embeddable":true,"href":"https:\/\/angelman.ca\/fr\/wp-json\/wp\/v2\/comments?post=674"}],"version-history":[{"count":0,"href":"https:\/\/angelman.ca\/fr\/wp-json\/wp\/v2\/pages\/674\/revisions"}],"wp:attachment":[{"href":"https:\/\/angelman.ca\/fr\/wp-json\/wp\/v2\/media?parent=674"}],"curies":[{"name":"wp","href":"https:\/\/api.w.org\/{rel}","templated":true}]}}