{"id":473,"date":"2018-02-28T14:16:41","date_gmt":"2018-02-28T19:16:41","guid":{"rendered":"https:\/\/angelman.ca\/?page_id=473"},"modified":"2018-02-28T14:23:41","modified_gmt":"2018-02-28T19:23:41","slug":"registre-global","status":"publish","type":"page","link":"https:\/\/angelman.ca\/fr\/registre-global\/","title":{"rendered":"Registre Global"},"content":{"rendered":"<p>[et_pb_section bb_built=\u00a0\u00bb1&Prime; fullwidth=\u00a0\u00bboff\u00a0\u00bb specialty=\u00a0\u00bboff\u00a0\u00bb _builder_version=\u00a0\u00bb3.0.100&Prime; background_color=\u00a0\u00bb#0074bc\u00a0\u00bb custom_margin=\u00a0\u00bb0px||0px|\u00a0\u00bb custom_padding=\u00a0\u00bb20px||10px|\u00a0\u00bb][et_pb_row _builder_version=\u00a0\u00bb3.0.100&Prime; custom_margin=\u00a0\u00bb0px||0px|\u00a0\u00bb custom_padding=\u00a0\u00bb0px||0px|\u00a0\u00bb background_position=\u00a0\u00bbtop_left\u00a0\u00bb background_repeat=\u00a0\u00bbrepeat\u00a0\u00bb background_size=\u00a0\u00bbinitial\u00a0\u00bb][et_pb_column type=\u00a0\u00bb4_4&Prime;][et_pb_text _builder_version=\u00a0\u00bb3.0.100&Prime; background_layout=\u00a0\u00bbdark\u00a0\u00bb custom_margin=\u00a0\u00bb10px||10px|\u00a0\u00bb]<\/p>\n<h1 class=\"p1\" style=\"text-align: center;\"><strong><span class=\"s1\">Registre Global<\/span><\/strong><\/h1>\n<p>[\/et_pb_text][\/et_pb_column][\/et_pb_row][\/et_pb_section][et_pb_section bb_built=\u00a0\u00bb1&Prime;][et_pb_row][et_pb_column type=\u00a0\u00bb1_3&Prime;][et_pb_image _builder_version=\u00a0\u00bb3.0.100&Prime; src=\u00a0\u00bbhttps:\/\/angelman.ca\/wp-content\/uploads\/2018\/02\/image.png\u00a0\u00bb show_in_lightbox=\u00a0\u00bboff\u00a0\u00bb url_new_window=\u00a0\u00bboff\u00a0\u00bb use_overlay=\u00a0\u00bboff\u00a0\u00bb always_center_on_mobile=\u00a0\u00bbon\u00a0\u00bb force_fullwidth=\u00a0\u00bboff\u00a0\u00bb show_bottom_space=\u00a0\u00bbon\u00a0\u00bb \/][\/et_pb_column][et_pb_column type=\u00a0\u00bb2_3&Prime;][et_pb_text _builder_version=\u00a0\u00bb3.0.100&Prime; background_layout=\u00a0\u00bblight\u00a0\u00bb]<\/p>\n<h3>Partagez votre histoire dans le<br \/>\nRegistre Global du Syndrome d&rsquo;Angelman<\/h3>\n<p>Le Registre Global du Syndrome d&rsquo;Angelman est le premier Registre du patient en ligne pour le Syndrome d&rsquo;Angelman; mettant le pouvoir dans les mains de ceux qui prennent soin de quelqu&rsquo;un avec le Syndrome.<br \/>\nLes parents et les soignants m\u00e8neront la collecte de donn\u00e9es en partageant des d\u00e9tails qui formeront ce qui est, \u00e0 ce jour, la plus grande collecte d&rsquo;information sur le syndrome d&rsquo;Angelman.<\/p>\n<p>Le Registre fournira un outil pour comprendre les progr\u00e8s du d\u00e9veloppement, la gestion des m\u00e9dicaments et de l&rsquo;\u00e9pilepsie. Plus important encore, il fournira une ressource inestimable pour faire avancer la recherche th\u00e9rapeutique.<br \/>\nLe timing est parfait; avec les soci\u00e9t\u00e9s pharmaceutiques qui pr\u00e9parent les essais cliniques pour traiter le syndrome, le registre fournit le m\u00e9canisme parfait pour analyser, recruter et mesurer l&rsquo;efficacit\u00e9 des traitements.<\/p>\n<p>Pour en savoir plus et s&rsquo;inscrire au registre: <a href=\"https:\/\/angelmanregistry.info\/\" target=\"_blank\" rel=\"noopener\">https:\/\/angelmanregistry.info\/<\/a><\/p>\n<p>[\/et_pb_text][\/et_pb_column][\/et_pb_row][\/et_pb_section]<\/p>\n","protected":false},"excerpt":{"rendered":"<p>Registre Global <div class=\"et_pb_row et_pb_row_0 et_pb_row_empty\">\n\t\t\t\t\n\t\t\t\t\n\t\t\t\t\n\t\t\t\t\n\t\t\t\t\n\t\t\t<\/div> Partagez votre histoire dans le Registre Global du Syndrome d&rsquo;Angelman Le Registre Global du Syndrome d&rsquo;Angelman est le premier Registre du patient en ligne pour le Syndrome d&rsquo;Angelman; mettant le pouvoir dans les mains de ceux qui prennent soin de quelqu&rsquo;un avec le Syndrome. Les parents et les soignants m\u00e8neront la collecte [&hellip;]<\/p>\n","protected":false},"author":1,"featured_media":0,"parent":0,"menu_order":0,"comment_status":"closed","ping_status":"closed","template":"","meta":{"_et_pb_use_builder":"on","_et_pb_old_content":"","_et_gb_content_width":"","footnotes":""},"class_list":["post-473","page","type-page","status-publish","hentry"],"yoast_head":"<!-- This site is optimized with the Yoast SEO plugin v27.4 - https:\/\/yoast.com\/product\/yoast-seo-wordpress\/ -->\n<title>Registre Global - Angelman<\/title>\n<meta name=\"robots\" content=\"index, follow, max-snippet:-1, max-image-preview:large, max-video-preview:-1\" \/>\n<link rel=\"canonical\" href=\"https:\/\/angelman.ca\/fr\/registre-global\/\" \/>\n<meta property=\"og:locale\" content=\"fr_FR\" \/>\n<meta property=\"og:type\" content=\"article\" \/>\n<meta property=\"og:title\" content=\"Registre Global - Angelman\" \/>\n<meta property=\"og:description\" content=\"Registre Global Partagez votre histoire dans le Registre Global du Syndrome d&#039;Angelman Le Registre Global du Syndrome d&#039;Angelman est le premier Registre du patient en ligne pour le Syndrome d&#039;Angelman; mettant le pouvoir dans les mains de ceux qui prennent soin de quelqu&#039;un avec le Syndrome. Les parents et les soignants m\u00e8neront la collecte [&hellip;]\" \/>\n<meta property=\"og:url\" content=\"https:\/\/angelman.ca\/fr\/registre-global\/\" \/>\n<meta property=\"og:site_name\" content=\"Angelman\" \/>\n<meta property=\"article:modified_time\" content=\"2018-02-28T19:23:41+00:00\" \/>\n<meta name=\"twitter:card\" content=\"summary_large_image\" \/>\n<meta name=\"twitter:label1\" content=\"Dur\u00e9e de lecture estim\u00e9e\" \/>\n\t<meta name=\"twitter:data1\" content=\"2 minutes\" \/>\n<script type=\"application\/ld+json\" class=\"yoast-schema-graph\">{\"@context\":\"https:\\\/\\\/schema.org\",\"@graph\":[{\"@type\":\"WebPage\",\"@id\":\"https:\\\/\\\/angelman.ca\\\/fr\\\/registre-global\\\/\",\"url\":\"https:\\\/\\\/angelman.ca\\\/fr\\\/registre-global\\\/\",\"name\":\"Registre Global - Angelman\",\"isPartOf\":{\"@id\":\"https:\\\/\\\/angelman.ca\\\/#website\"},\"datePublished\":\"2018-02-28T19:16:41+00:00\",\"dateModified\":\"2018-02-28T19:23:41+00:00\",\"breadcrumb\":{\"@id\":\"https:\\\/\\\/angelman.ca\\\/fr\\\/registre-global\\\/#breadcrumb\"},\"inLanguage\":\"fr-FR\",\"potentialAction\":[{\"@type\":\"ReadAction\",\"target\":[\"https:\\\/\\\/angelman.ca\\\/fr\\\/registre-global\\\/\"]}]},{\"@type\":\"BreadcrumbList\",\"@id\":\"https:\\\/\\\/angelman.ca\\\/fr\\\/registre-global\\\/#breadcrumb\",\"itemListElement\":[{\"@type\":\"ListItem\",\"position\":1,\"name\":\"Accueil\",\"item\":\"https:\\\/\\\/angelman.ca\\\/fr\\\/\"},{\"@type\":\"ListItem\",\"position\":2,\"name\":\"Registre Global\"}]},{\"@type\":\"WebSite\",\"@id\":\"https:\\\/\\\/angelman.ca\\\/#website\",\"url\":\"https:\\\/\\\/angelman.ca\\\/\",\"name\":\"Angelman\",\"description\":\"Respite Center - Centre de r\u00e9pit\",\"potentialAction\":[{\"@type\":\"SearchAction\",\"target\":{\"@type\":\"EntryPoint\",\"urlTemplate\":\"https:\\\/\\\/angelman.ca\\\/?s={search_term_string}\"},\"query-input\":{\"@type\":\"PropertyValueSpecification\",\"valueRequired\":true,\"valueName\":\"search_term_string\"}}],\"inLanguage\":\"fr-FR\"}]}<\/script>\n<!-- \/ Yoast SEO plugin. -->","yoast_head_json":{"title":"Registre Global - Angelman","robots":{"index":"index","follow":"follow","max-snippet":"max-snippet:-1","max-image-preview":"max-image-preview:large","max-video-preview":"max-video-preview:-1"},"canonical":"https:\/\/angelman.ca\/fr\/registre-global\/","og_locale":"fr_FR","og_type":"article","og_title":"Registre Global - Angelman","og_description":"Registre Global Partagez votre histoire dans le Registre Global du Syndrome d'Angelman Le Registre Global du Syndrome d'Angelman est le premier Registre du patient en ligne pour le Syndrome d'Angelman; mettant le pouvoir dans les mains de ceux qui prennent soin de quelqu'un avec le Syndrome. Les parents et les soignants m\u00e8neront la collecte [&hellip;]","og_url":"https:\/\/angelman.ca\/fr\/registre-global\/","og_site_name":"Angelman","article_modified_time":"2018-02-28T19:23:41+00:00","twitter_card":"summary_large_image","twitter_misc":{"Dur\u00e9e de lecture estim\u00e9e":"2 minutes"},"schema":{"@context":"https:\/\/schema.org","@graph":[{"@type":"WebPage","@id":"https:\/\/angelman.ca\/fr\/registre-global\/","url":"https:\/\/angelman.ca\/fr\/registre-global\/","name":"Registre Global - Angelman","isPartOf":{"@id":"https:\/\/angelman.ca\/#website"},"datePublished":"2018-02-28T19:16:41+00:00","dateModified":"2018-02-28T19:23:41+00:00","breadcrumb":{"@id":"https:\/\/angelman.ca\/fr\/registre-global\/#breadcrumb"},"inLanguage":"fr-FR","potentialAction":[{"@type":"ReadAction","target":["https:\/\/angelman.ca\/fr\/registre-global\/"]}]},{"@type":"BreadcrumbList","@id":"https:\/\/angelman.ca\/fr\/registre-global\/#breadcrumb","itemListElement":[{"@type":"ListItem","position":1,"name":"Accueil","item":"https:\/\/angelman.ca\/fr\/"},{"@type":"ListItem","position":2,"name":"Registre Global"}]},{"@type":"WebSite","@id":"https:\/\/angelman.ca\/#website","url":"https:\/\/angelman.ca\/","name":"Angelman","description":"Respite Center - Centre de r\u00e9pit","potentialAction":[{"@type":"SearchAction","target":{"@type":"EntryPoint","urlTemplate":"https:\/\/angelman.ca\/?s={search_term_string}"},"query-input":{"@type":"PropertyValueSpecification","valueRequired":true,"valueName":"search_term_string"}}],"inLanguage":"fr-FR"}]}},"_links":{"self":[{"href":"https:\/\/angelman.ca\/fr\/wp-json\/wp\/v2\/pages\/473","targetHints":{"allow":["GET"]}}],"collection":[{"href":"https:\/\/angelman.ca\/fr\/wp-json\/wp\/v2\/pages"}],"about":[{"href":"https:\/\/angelman.ca\/fr\/wp-json\/wp\/v2\/types\/page"}],"author":[{"embeddable":true,"href":"https:\/\/angelman.ca\/fr\/wp-json\/wp\/v2\/users\/1"}],"replies":[{"embeddable":true,"href":"https:\/\/angelman.ca\/fr\/wp-json\/wp\/v2\/comments?post=473"}],"version-history":[{"count":0,"href":"https:\/\/angelman.ca\/fr\/wp-json\/wp\/v2\/pages\/473\/revisions"}],"wp:attachment":[{"href":"https:\/\/angelman.ca\/fr\/wp-json\/wp\/v2\/media?parent=473"}],"curies":[{"name":"wp","href":"https:\/\/api.w.org\/{rel}","templated":true}]}}